{"id":74,"date":"2011-06-14T21:05:14","date_gmt":"2011-06-14T21:05:14","guid":{"rendered":"http:\/\/theartic-emden.de\/?page_id=74"},"modified":"2019-07-30T06:14:23","modified_gmt":"2019-07-30T06:14:23","slug":"mitglied-werden","status":"publish","type":"page","link":"http:\/\/theartic-emden.de\/?page_id=74","title":{"rendered":"Theartic unterst\u00fctzen"},"content":{"rendered":"<div style=\"background-image: url('http:\/\/theartic-emden.de\/wp-content\/uploads\/2011\/06\/theartic_a.png'); background-repeat: no-repeat;\">\n<p>Sie m\u00f6chten die Arbeit von Theartic unterst\u00fctzen?Dann werden Sie doch Mitglied!<\/p>\n<p>In welchem Umfang Sie Theartic unterst\u00fctzen k\u00f6nnen oder wollen entscheiden Sie selbst, durch die freie Wahl des zu Ihnen passenden Tarifs: <a href=\"http:\/\/theartic-emden.de\/wp-content\/uploads\/2011\/06\/theartic_mitglied_2011.pdf\">Mitgliedsantrag anschauen<\/a><\/p>\n<p>Nat\u00fcrlich k\u00f6nnen Sie uns auch mit einer Spende unterst\u00fctzen:<\/p>\n<p>Vereinskonto: Sparkasse Emden \u2022 IBAN DE29 2845 0000 0000 1051 30 \u2022 BIC BRLADE21EMD<\/p>\n<p>Spenden sind steuerlich absetzbar!<\/p>\n<\/div>\n","protected":false},"excerpt":{"rendered":"<p>Sie m\u00f6chten die Arbeit von Theartic unterst\u00fctzen?Dann werden Sie doch Mitglied! In welchem Umfang Sie Theartic unterst\u00fctzen k\u00f6nnen oder wollen entscheiden Sie selbst, durch die freie Wahl des zu Ihnen passenden Tarifs: Mitgliedsantrag anschauen Nat\u00fcrlich k\u00f6nnen Sie uns auch mit &hellip; <a href=\"http:\/\/theartic-emden.de\/?page_id=74\">Weiterlesen <span class=\"meta-nav\">&rarr;<\/span><\/a><\/p>\n","protected":false},"author":1,"featured_media":0,"parent":0,"menu_order":0,"comment_status":"closed","ping_status":"closed","template":"onecolumn-page.php","meta":{"ngg_post_thumbnail":0},"_links":{"self":[{"href":"http:\/\/theartic-emden.de\/index.php?rest_route=\/wp\/v2\/pages\/74"}],"collection":[{"href":"http:\/\/theartic-emden.de\/index.php?rest_route=\/wp\/v2\/pages"}],"about":[{"href":"http:\/\/theartic-emden.de\/index.php?rest_route=\/wp\/v2\/types\/page"}],"author":[{"embeddable":true,"href":"http:\/\/theartic-emden.de\/index.php?rest_route=\/wp\/v2\/users\/1"}],"replies":[{"embeddable":true,"href":"http:\/\/theartic-emden.de\/index.php?rest_route=%2Fwp%2Fv2%2Fcomments&post=74"}],"version-history":[{"count":10,"href":"http:\/\/theartic-emden.de\/index.php?rest_route=\/wp\/v2\/pages\/74\/revisions"}],"predecessor-version":[{"id":3495,"href":"http:\/\/theartic-emden.de\/index.php?rest_route=\/wp\/v2\/pages\/74\/revisions\/3495"}],"wp:attachment":[{"href":"http:\/\/theartic-emden.de\/index.php?rest_route=%2Fwp%2Fv2%2Fmedia&parent=74"}],"curies":[{"name":"wp","href":"https:\/\/api.w.org\/{rel}","templated":true}]}}