{"id":1137,"date":"2013-04-29T06:20:43","date_gmt":"2013-04-29T06:20:43","guid":{"rendered":"http:\/\/theartic-emden.de\/?page_id=1137"},"modified":"2013-05-25T04:02:09","modified_gmt":"2013-05-25T04:02:09","slug":"theartic-goes-warschau-der-guia-workshop-in-warschau","status":"publish","type":"page","link":"https:\/\/theartic-emden.de\/?page_id=1137","title":{"rendered":"Theartic goes Warschau \u2013 der GUIA Workshop in Warschau (M\u00e4rz 2013)"},"content":{"rendered":"<p>Da wir diesmal schon einen Tag vor Beginn des Treffens anreisten, hatten wir die M\u00f6glichkeit, Warschau wenigstens ein bisschen kennenzulernen. Wir entdeckten die in den 50ern wieder aufgebaute Altstadt, das \u00e4lteste Kaffeehaus der Stadt (Caf\u00e9 Blikle) und den fr\u00fcher verruchten und jetzt hippen Stadtteil Praga, wo wir zig Kost\u00fcmteile und Requisiten f\u00fcr die neue Produktion entdeckten \u2013 und einige auch kauften, z.B. eine wundersch\u00f6ne Rosentapete f\u00fcr das B\u00fchnenbild\u2026<\/p>\n<p>Am fr\u00fchen Abend startete dann der GUIA Workshop Warschau mit einer Auff\u00fchrung des Theater 21 aus Warschau im Theaterinstitut Warschau. Wir sahen collagenhaftes Theater \u2013 ein gro\u00dfer Gegensatz zu Theartic-Auff\u00fchrungen, nachdenkenswert\u2026<br \/>\nSich begr\u00fc\u00dfen, bekannte und neue Gesichter entdecken \u2013 all das begann erst am n\u00e4chsten Morgen im Kulturhaus Rakowiec. Die Gastgeber f\u00fchrten in das Workshop-Thema \u201eThe ship of love\u201c ein und stellten die vier parallel arbeitenden Workshops vor: Theater, Tanz, Puppentheater und Film.<\/p>\n<p>Hans und Ulrike arbeiteten auf dem \u201eTheaterdeck\u201c. Mit Improvisationen wurden Ideen f\u00fcr Szenen skizziert. Beate hatte sich den Tanzworkshop ausgesucht, lernte viel und genoss  die Professionalit\u00e4t und Power der Leiterin. Vor der Pr\u00e4sentation der Workshop-Ergebnisse am Samstag stimmten junge polnische Performance-K\u00fcnstler noch einmal auf das Thema ein mit einer interaktiven Performance.  Alle Teilnehmer wurden am Eingang als Passagiere auf dem \u201eShip of love\u201c begr\u00fc\u00dft und auf wunderbare Art und Weise durch verschiedene   \u201eErlebnisr\u00e4ume\u201c geleitet:  auf dem \u201eFlirtdeck\u201c wird ohne Worte geflirtet, im \u201eWellnesscenter\u201c mit  Massage bei Ges\u00e4ngen der Wale verw\u00f6hnt, in \u201eTauchanz\u00fcgen\u201c wurde die tiefste Stelle im Meer (im Schnee im Hinterhof) gesucht\u2026<\/p>\n<p>Anschlie\u00dfend wurden die Arbeitsergebnisse der vier Workshops zu einer beeindruckenden Performance zusammengef\u00fcgt. Das \u201eShip of love\u201c ging von Anker und gab den Rahmen f\u00fcr furiose Tanzauftritte, Das-kann-man-alles-noch-sch\u00f6ner-machen-Theater, beeindruckendes Puppenspiel und die Pr\u00e4sentation eines wunderbaren Kurzfilms.<br \/>\nNat\u00fcrlich wurden auch die Sitzungen der  Ensembleleiter\/innen und der Gesch\u00e4ftsf\u00fchrenden aus London, Br\u00fcssel, Emden, Warschau, Prag, Zagreb, Bukarest und Ankara fortgesetzt. Und auch nach getaner Arbeit, beim Essen, im Caf\u00e9 oder im Hotel gab es regen Austausch und tolle Gespr\u00e4che mit den europ\u00e4ischen Kolleg\/innen.<\/p>\n<p>Zum Abschluss gab es eine rauschende Ballnacht auf dem \u201eShip of love\u201c mit den wunderbar swingenden \u201e Warschau Dixielanders\u201c. Herzzerrei\u00dfende Abschiedsszenen an der Reling f\u00fchrten zu Liebesschw\u00fcren und  Beteuerungen: Das war eine wundersch\u00f6ne Reise auf dem \u201eShip of love\u201c.<\/p>\n<p>Nach Warschau reisten Hans Langen, Beate Kegler und Ulrike Heymann.<\/p>\n<p>Text: Hans Langen<\/p>\n","protected":false},"excerpt":{"rendered":"<p>Da wir diesmal schon einen Tag vor Beginn des Treffens anreisten, hatten wir die M\u00f6glichkeit, Warschau wenigstens ein bisschen kennenzulernen. Wir entdeckten die in den 50ern wieder aufgebaute Altstadt, das \u00e4lteste Kaffeehaus der Stadt (Caf\u00e9 Blikle) und den fr\u00fcher verruchten &hellip; <a href=\"https:\/\/theartic-emden.de\/?page_id=1137\">Weiterlesen <span class=\"meta-nav\">&rarr;<\/span><\/a><\/p>\n","protected":false},"author":1,"featured_media":0,"parent":472,"menu_order":0,"comment_status":"closed","ping_status":"closed","template":"onecolumn-page.php","meta":{"ngg_post_thumbnail":0},"_links":{"self":[{"href":"https:\/\/theartic-emden.de\/index.php?rest_route=\/wp\/v2\/pages\/1137"}],"collection":[{"href":"https:\/\/theartic-emden.de\/index.php?rest_route=\/wp\/v2\/pages"}],"about":[{"href":"https:\/\/theartic-emden.de\/index.php?rest_route=\/wp\/v2\/types\/page"}],"author":[{"embeddable":true,"href":"https:\/\/theartic-emden.de\/index.php?rest_route=\/wp\/v2\/users\/1"}],"replies":[{"embeddable":true,"href":"https:\/\/theartic-emden.de\/index.php?rest_route=%2Fwp%2Fv2%2Fcomments&post=1137"}],"version-history":[{"count":12,"href":"https:\/\/theartic-emden.de\/index.php?rest_route=\/wp\/v2\/pages\/1137\/revisions"}],"predecessor-version":[{"id":1164,"href":"https:\/\/theartic-emden.de\/index.php?rest_route=\/wp\/v2\/pages\/1137\/revisions\/1164"}],"up":[{"embeddable":true,"href":"https:\/\/theartic-emden.de\/index.php?rest_route=\/wp\/v2\/pages\/472"}],"wp:attachment":[{"href":"https:\/\/theartic-emden.de\/index.php?rest_route=%2Fwp%2Fv2%2Fmedia&parent=1137"}],"curies":[{"name":"wp","href":"https:\/\/api.w.org\/{rel}","templated":true}]}}