{"id":1184,"date":"2013-07-05T05:30:27","date_gmt":"2013-07-05T05:30:27","guid":{"rendered":"http:\/\/theartic-emden.de\/?page_id=1184"},"modified":"2013-07-05T05:30:27","modified_gmt":"2013-07-05T05:30:27","slug":"guia-festival-treffen-in-zagreb-kroatien-vom-23-bis-25-mai-2013","status":"publish","type":"page","link":"https:\/\/theartic-emden.de\/?page_id=1184","title":{"rendered":"GUIA-Festival-Treffen in Zagreb (Kroatien) vom 23. bis 25. Mai 2013"},"content":{"rendered":"<p>Und nun also Zagreb! Nach Bukarest, London, Br\u00fcssel, Emden, Prag und Warschau war die kroatische Hauptstadt Gastgeberin\u00a0 beim letzten Festival-Treffen im Rahmen des GUIA-Projekts.<\/p>\n<p>Nach beschaulicher Bahnfahrt durch die Alpen mit viel Zeit zum Arbeiten aber auch zum Aus-dem-Fenster-Gucken f\u00fchlten wir uns in Zagreb zumindest in einem Punkt gleich wie zuhause: Ostfriesisches Wetter in Kroatien! Die Festival-Stimmung st\u00f6rte das jedoch nicht: Wir erlebten anspruchsvolles Tanztheater aus Br\u00fcssel, Percussion aus Zagreb, beeindruckendes Theater aus Belfast, eine schrille Performance der zu H\u00f6chstform auflaufenden Londoner Kolleg\/innen und den uns nachdenklich stimmenden Auftritt einer nordirischen Performance-K\u00fcnstlerin \u2013 das alles \u00fcbrigens in einem eigenen Theatersaal, um den wir die Zagreber Partner vom Tresnjewka Kulturzentrum nur beneiden k\u00f6nnen \u2026<\/p>\n<p>Daneben entschieden sich Inge und Beate f\u00fcr Workshops bei Justyna\u00a0 aus Warschau (Tanz) und Nikki aus Belfast (Theater), w\u00e4hrend ich mit Branko aus Zagreb trommelte.<\/p>\n<p>Und erstmals bei einer unserer Europa-Reisen hatten wir zwischendurch richtig \u201eviel\u201c Zeit, um etwas von der Stadt zu sehen und dabei nat\u00fcrlich auch in Second-Hand-L\u00e4den f\u00fcr unseren Kost\u00fcmfundus zu st\u00f6bern.<\/p>\n<p>Ein rundes und sehr\u00a0 interessantes Festivalprogramm auf hohem Niveau und in sch\u00f6ner und herzlicher Atmosph\u00e4re, nur getr\u00fcbt durch den \u201eAbschiedsschmerz\u201c am letzten Abend \u2013 es war das letzte der 6 Festival- und Workshop-Treffen. Zwar folgt im September noch ein Termin in Ankara, um die Berichte , Abrechnungen und Dokumentation f\u00fcr die EU zu erarbeiten, aber ein Treffen mit Teilnehmern, mit Auff\u00fchrungen und Workshops wird es im Rahmen dieses Projekts nicht mehr geben.<\/p>\n<p>Vielleicht gelingt es uns, mit einigen Partnern weiter in Kontakt zu bleiben , und vielleicht gibt es irgendwann ein n\u00e4chstes Europa-Projekt. Zu w\u00fcnschen w\u00e4re es, und da das W\u00fcnschen alleine selten ausreicht, werden wir daran arbeiten \u2026<\/p>\n<p><i>Ulrike Heymann<\/i><\/p>\n<p>Nach Zagreb reisten Inge Rhoden-Wohlers, Beate Kegler und Ulrike Heymann.<\/p>\n","protected":false},"excerpt":{"rendered":"<p>Und nun also Zagreb! Nach Bukarest, London, Br\u00fcssel, Emden, Prag und Warschau war die kroatische Hauptstadt Gastgeberin\u00a0 beim letzten Festival-Treffen im Rahmen des GUIA-Projekts. Nach beschaulicher Bahnfahrt durch die Alpen mit viel Zeit zum Arbeiten aber auch zum Aus-dem-Fenster-Gucken f\u00fchlten &hellip; <a href=\"https:\/\/theartic-emden.de\/?page_id=1184\">Weiterlesen <span class=\"meta-nav\">&rarr;<\/span><\/a><\/p>\n","protected":false},"author":1,"featured_media":0,"parent":472,"menu_order":0,"comment_status":"closed","ping_status":"closed","template":"onecolumn-page.php","meta":{"ngg_post_thumbnail":0},"_links":{"self":[{"href":"https:\/\/theartic-emden.de\/index.php?rest_route=\/wp\/v2\/pages\/1184"}],"collection":[{"href":"https:\/\/theartic-emden.de\/index.php?rest_route=\/wp\/v2\/pages"}],"about":[{"href":"https:\/\/theartic-emden.de\/index.php?rest_route=\/wp\/v2\/types\/page"}],"author":[{"embeddable":true,"href":"https:\/\/theartic-emden.de\/index.php?rest_route=\/wp\/v2\/users\/1"}],"replies":[{"embeddable":true,"href":"https:\/\/theartic-emden.de\/index.php?rest_route=%2Fwp%2Fv2%2Fcomments&post=1184"}],"version-history":[{"count":0,"href":"https:\/\/theartic-emden.de\/index.php?rest_route=\/wp\/v2\/pages\/1184\/revisions"}],"up":[{"embeddable":true,"href":"https:\/\/theartic-emden.de\/index.php?rest_route=\/wp\/v2\/pages\/472"}],"wp:attachment":[{"href":"https:\/\/theartic-emden.de\/index.php?rest_route=%2Fwp%2Fv2%2Fmedia&parent=1184"}],"curies":[{"name":"wp","href":"https:\/\/api.w.org\/{rel}","templated":true}]}}