{"id":1538,"date":"2014-05-26T09:41:13","date_gmt":"2014-05-26T09:41:13","guid":{"rendered":"http:\/\/theartic-emden.de\/?page_id=1538"},"modified":"2015-05-20T14:50:10","modified_gmt":"2015-05-20T14:50:10","slug":"das-leitbild-von-theartic-e-v","status":"publish","type":"page","link":"https:\/\/theartic-emden.de\/?page_id=1538","title":{"rendered":"Das Leitbild von Theartic e.V."},"content":{"rendered":"<p><b>Wer sind wir?<\/b><br \/>\nTheartic e.V. ist ein gemeinn\u00fctziger Verein, in dem sich sogenannte Behinderte (geistig, seelisch und k\u00f6rperlich Behinderte) und sogenannte Nichtbehinderte gemeinsam und gleichberechtigt k\u00fcnstlerisch bet\u00e4tigen. Die LeiterInnen der Gruppen und Ensembles haben eine k\u00fcnstlerische oder k\u00fcnstlerisch-p\u00e4dagogische Ausbildung.<\/p>\n<p><b>Was tun wir?<\/b><br \/>\nWir arbeiten mit Kindern, Jugendlichen und Erwachsenen in verschiedenen k\u00fcnstlerischen Sparten (z.B. Theater, Musik). Unsere Arbeit ist auf Kontinuit\u00e4t und Nachhaltigkeit angelegt. Wir legen Wert auf hohe k\u00fcnstlerische und p\u00e4dagogische Qualit\u00e4t in der Vermittlung, der Produktion und Pr\u00e4sentation.<\/p>\n<p><b>Wo arbeiten wir \u2013 mit wem arbeiten wir zusammen?<\/b><br \/>\nTheartic arbeitet bewusst in \u00f6ffentlichen R\u00e4umen\/Kultureinrichtungen und mit unterschiedlichsten Kooperationspartnern, sowohl regional als auch \u00fcberregional.<\/p>\n<p><b>Was wollen wir?<\/b><br \/>\nMenschen mit und ohne Behinderung inspirieren sich gegenseitig, lernen voneinander und entwickeln ihre F\u00e4higkeiten miteinander. Die W\u00fcrde jedes\/r einzelnen\/er Teilnehmers\/in und die F\u00f6rderung seiner\/ihrer individuellen St\u00e4rken sind uns wichtig.<\/p>\n<p>Die Theartic- Ensembles und -Gruppen pr\u00e4sentieren die Ergebnisse ihrer Arbeit regelm\u00e4\u00dfig \u00f6ffentlich. Unser Anspruch ist die \u00f6ffentliche Anerkennung ausschlie\u00dflich auf Grund der k\u00fcnstlerischen Leistung; \u00a0therapeutische oder p\u00e4dagogische Aspekte stehen nicht im Vordergrund. Der selbstbewusste Umgang mit der Unterschiedlichkeit soll dabei die breite Palette menschlicher Ausdrucksm\u00f6glichkeiten und F\u00e4higkeiten zeigen und ihre Weiterentwicklung unterst\u00fctzen.<\/p>\n<p>Unsere Produktionen sollen frei vom \u201eBehindertenbonus\u201c rezipierbar sein und dazu beitragen, den oft immer noch von Mitleid, Verkl\u00e4rung oder Herabsetzung gepr\u00e4gten Blick auf Menschen mit Behinderungen nachhaltig zu ver\u00e4ndern.<\/p>\n<p>&nbsp;<\/p>\n","protected":false},"excerpt":{"rendered":"<p>Wer sind wir? Theartic e.V. ist ein gemeinn\u00fctziger Verein, in dem sich sogenannte Behinderte (geistig, seelisch und k\u00f6rperlich Behinderte) und sogenannte Nichtbehinderte gemeinsam und gleichberechtigt k\u00fcnstlerisch bet\u00e4tigen. Die LeiterInnen der Gruppen und Ensembles haben eine k\u00fcnstlerische oder k\u00fcnstlerisch-p\u00e4dagogische Ausbildung. Was &hellip; <a href=\"https:\/\/theartic-emden.de\/?page_id=1538\">Weiterlesen <span class=\"meta-nav\">&rarr;<\/span><\/a><\/p>\n","protected":false},"author":1,"featured_media":0,"parent":2,"menu_order":0,"comment_status":"closed","ping_status":"closed","template":"onecolumn-page.php","meta":{"ngg_post_thumbnail":0},"_links":{"self":[{"href":"https:\/\/theartic-emden.de\/index.php?rest_route=\/wp\/v2\/pages\/1538"}],"collection":[{"href":"https:\/\/theartic-emden.de\/index.php?rest_route=\/wp\/v2\/pages"}],"about":[{"href":"https:\/\/theartic-emden.de\/index.php?rest_route=\/wp\/v2\/types\/page"}],"author":[{"embeddable":true,"href":"https:\/\/theartic-emden.de\/index.php?rest_route=\/wp\/v2\/users\/1"}],"replies":[{"embeddable":true,"href":"https:\/\/theartic-emden.de\/index.php?rest_route=%2Fwp%2Fv2%2Fcomments&post=1538"}],"version-history":[{"count":3,"href":"https:\/\/theartic-emden.de\/index.php?rest_route=\/wp\/v2\/pages\/1538\/revisions"}],"predecessor-version":[{"id":1710,"href":"https:\/\/theartic-emden.de\/index.php?rest_route=\/wp\/v2\/pages\/1538\/revisions\/1710"}],"up":[{"embeddable":true,"href":"https:\/\/theartic-emden.de\/index.php?rest_route=\/wp\/v2\/pages\/2"}],"wp:attachment":[{"href":"https:\/\/theartic-emden.de\/index.php?rest_route=%2Fwp%2Fv2%2Fmedia&parent=1538"}],"curies":[{"name":"wp","href":"https:\/\/api.w.org\/{rel}","templated":true}]}}