{"id":1877,"date":"2015-10-12T06:27:20","date_gmt":"2015-10-12T06:27:20","guid":{"rendered":"http:\/\/theartic-emden.de\/?page_id=1877"},"modified":"2018-07-26T09:40:24","modified_gmt":"2018-07-26T09:40:24","slug":"theartic-kunterbunt-neu","status":"publish","type":"page","link":"https:\/\/theartic-emden.de\/?page_id=1877","title":{"rendered":"Theartic kunterbunt"},"content":{"rendered":"<h6 style=\"text-align: center;\"><img loading=\"lazy\" class=\"aligncenter size-large wp-image-1859\" src=\"http:\/\/theartic-emden.de\/wp-content\/uploads\/2015\/10\/Foto-kunterbunt-4-1024x682.jpg\" alt=\"Foto kunterbunt 4\" width=\"640\" height=\"426\" srcset=\"https:\/\/theartic-emden.de\/wp-content\/uploads\/2015\/10\/Foto-kunterbunt-4-1024x682.jpg 1024w, https:\/\/theartic-emden.de\/wp-content\/uploads\/2015\/10\/Foto-kunterbunt-4-480x320.jpg 480w\" sizes=\"(max-width: 640px) 100vw, 640px\" \/>Foto: Kristina Groeneveld<\/h6>\n<p><strong>Theater kunterbunt <\/strong><\/p>\n<p>ist die Theaterwerkstatt f\u00fcr Kinder ab 7 Jahren. Theartic kunterbunt entwickelte sich aus einem Theartic-Theaterworkshop f\u00fcr Kinder aus aller Welt in den Sommerferien 2015 und einem Theartic-Workshop in der Notunterkunft f\u00fcr Gefl\u00fcchtete an den Weihnachtsfeiertagen 2015.<\/p>\n<p>Theartic kunterbunt ist wie alle unsere Angebote offen f\u00fcr Menschen mit und ohne Behinderungen und mit und ohne Migrationsgeschichte.<\/p>\n<p>Zusammen mit Theartic junior pr\u00e4sentierte sich Theartic kunterbunt \u00f6ffentlich mit diesen Inszenierungen:<\/p>\n<p>2016 \u201eDAS WAS-AUCH-IMMER&#8220;, Neues Theater<\/p>\n<p>2016 \u201eKommst du heut&#8216; nicht, kommst du morgen&#8220;, Neues Theater<\/p>\n<p>2018 \u201eGer\u00fcchte&#8220;<\/p>\n<p>Theartic kunterbunt wird geleitet von Ulrike Heymann und Claus Gosmann.<\/p>\n<p>&nbsp;<\/p>\n","protected":false},"excerpt":{"rendered":"<p>Foto: Kristina Groeneveld Theater kunterbunt ist die Theaterwerkstatt f\u00fcr Kinder ab 7 Jahren. Theartic kunterbunt entwickelte sich aus einem Theartic-Theaterworkshop f\u00fcr Kinder aus aller Welt in den Sommerferien 2015 und einem Theartic-Workshop in der Notunterkunft f\u00fcr Gefl\u00fcchtete an den Weihnachtsfeiertagen &hellip; <a href=\"https:\/\/theartic-emden.de\/?page_id=1877\">Weiterlesen <span class=\"meta-nav\">&rarr;<\/span><\/a><\/p>\n","protected":false},"author":1,"featured_media":0,"parent":2,"menu_order":0,"comment_status":"closed","ping_status":"closed","template":"onecolumn-page.php","meta":{"ngg_post_thumbnail":0},"_links":{"self":[{"href":"https:\/\/theartic-emden.de\/index.php?rest_route=\/wp\/v2\/pages\/1877"}],"collection":[{"href":"https:\/\/theartic-emden.de\/index.php?rest_route=\/wp\/v2\/pages"}],"about":[{"href":"https:\/\/theartic-emden.de\/index.php?rest_route=\/wp\/v2\/types\/page"}],"author":[{"embeddable":true,"href":"https:\/\/theartic-emden.de\/index.php?rest_route=\/wp\/v2\/users\/1"}],"replies":[{"embeddable":true,"href":"https:\/\/theartic-emden.de\/index.php?rest_route=%2Fwp%2Fv2%2Fcomments&post=1877"}],"version-history":[{"count":4,"href":"https:\/\/theartic-emden.de\/index.php?rest_route=\/wp\/v2\/pages\/1877\/revisions"}],"predecessor-version":[{"id":2300,"href":"https:\/\/theartic-emden.de\/index.php?rest_route=\/wp\/v2\/pages\/1877\/revisions\/2300"}],"up":[{"embeddable":true,"href":"https:\/\/theartic-emden.de\/index.php?rest_route=\/wp\/v2\/pages\/2"}],"wp:attachment":[{"href":"https:\/\/theartic-emden.de\/index.php?rest_route=%2Fwp%2Fv2%2Fmedia&parent=1877"}],"curies":[{"name":"wp","href":"https:\/\/api.w.org\/{rel}","templated":true}]}}