{"id":391,"date":"2012-06-01T04:24:07","date_gmt":"2012-06-01T04:24:07","guid":{"rendered":"http:\/\/theartic-emden.de\/?page_id=391"},"modified":"2024-04-14T16:24:25","modified_gmt":"2024-04-14T16:24:25","slug":"willkommen","status":"publish","type":"page","link":"https:\/\/theartic-emden.de\/","title":{"rendered":"Willkommen&#8230;"},"content":{"rendered":"<div style=\"background-image: url('http:\/\/theartic-emden.de\/wp-content\/uploads\/2011\/06\/theartic_a.png'); background-repeat: no-repeat;\">\n<p><strong>Willkommen<\/strong> auf der Internetb\u00fchne von Theartic e.V.<\/p>\n<p><img loading=\"lazy\" class=\"size-full wp-image-107 alignleft\" title=\"theartic-logo_small\" src=\"http:\/\/theartic-emden.de\/wp-content\/uploads\/2011\/06\/theartic-logo_small.png\" alt=\"Theartic-Logo\" width=\"147\" height=\"100\"><\/p>\n<p>ist ein gemeinn\u00fctziger Verein, in dem sich sogenannte Behinderte (Menschen mit geistigen, k\u00f6rperlichen und psychischen Erkrankungen und Behinderungen) und sogenannte Nichtbehinderte jeglicher Herkunft gemeinsam und gleichberechtigt k\u00fcnstlerisch bet\u00e4tigen.<\/p>\n<p>&nbsp;<\/p>\n<p>Gegr\u00fcndet im Sommer 2002 startete der Verein 2003 mit einer <a title=\"Theartic \u2013 Theaterwerkstatt f\u00fcr Erwachsene\" href=\"http:\/\/theartic-emden.de\/?page_id=5\">Theaterwerkstatt f\u00fcr Erwachsene<\/a>, 2004 kam mit <a title=\"Theartic junior\" href=\"http:\/\/theartic-emden.de\/?page_id=8\">Theartic junior<\/a>&nbsp;ein Angebot f\u00fcr Kinder und Jugendliche hinzu und seit 2005 gibt es den <a href=\"http:\/\/theartic-emden.de\/?page_id=10\">TheartiChor<\/a>.<br \/>\n2014 wurde <a href=\"http:\/\/theartic-emden.de\/?page_id=1718\">ThearticStomp<\/a>&nbsp;gegr\u00fcndet, und seit 2015 gibt es mit <a href=\"http:\/\/theartic-emden.de\/?page_id=1877\">Theartic kunterbunt<\/a>&nbsp;eine zweite Theatergruppe f\u00fcr Kinder.<\/p>\n<p>Auf unseren Internet-Seiten k\u00f6nnen Sie sich \u00fcber den Verein und seine Angebote informieren, Sie k\u00f6nnen aber auch <a title=\"Theartic unterst\u00fctzen\" href=\"http:\/\/theartic-emden.de\/?page_id=74\">Mitglied werden<\/a> oder uns mit einer Spende unterst\u00fctzen.<\/p>\n<\/div>\n<p>&nbsp;<\/p>\n","protected":false},"excerpt":{"rendered":"<p>Willkommen auf der Internetb\u00fchne von Theartic e.V. ist ein gemeinn\u00fctziger Verein, in dem sich sogenannte Behinderte (Menschen mit geistigen, k\u00f6rperlichen und psychischen Erkrankungen und Behinderungen) und sogenannte Nichtbehinderte jeglicher Herkunft gemeinsam und gleichberechtigt k\u00fcnstlerisch bet\u00e4tigen. &nbsp; Gegr\u00fcndet im Sommer 2002 &hellip; <a href=\"https:\/\/theartic-emden.de\/\">Weiterlesen <span class=\"meta-nav\">&rarr;<\/span><\/a><\/p>\n","protected":false},"author":1,"featured_media":0,"parent":0,"menu_order":0,"comment_status":"closed","ping_status":"closed","template":"onecolumn-page.php","meta":{"ngg_post_thumbnail":0},"_links":{"self":[{"href":"https:\/\/theartic-emden.de\/index.php?rest_route=\/wp\/v2\/pages\/391"}],"collection":[{"href":"https:\/\/theartic-emden.de\/index.php?rest_route=\/wp\/v2\/pages"}],"about":[{"href":"https:\/\/theartic-emden.de\/index.php?rest_route=\/wp\/v2\/types\/page"}],"author":[{"embeddable":true,"href":"https:\/\/theartic-emden.de\/index.php?rest_route=\/wp\/v2\/users\/1"}],"replies":[{"embeddable":true,"href":"https:\/\/theartic-emden.de\/index.php?rest_route=%2Fwp%2Fv2%2Fcomments&post=391"}],"version-history":[{"count":58,"href":"https:\/\/theartic-emden.de\/index.php?rest_route=\/wp\/v2\/pages\/391\/revisions"}],"predecessor-version":[{"id":4033,"href":"https:\/\/theartic-emden.de\/index.php?rest_route=\/wp\/v2\/pages\/391\/revisions\/4033"}],"wp:attachment":[{"href":"https:\/\/theartic-emden.de\/index.php?rest_route=%2Fwp%2Fv2%2Fmedia&parent=391"}],"curies":[{"name":"wp","href":"https:\/\/api.w.org\/{rel}","templated":true}]}}