{"id":488,"date":"2012-08-02T09:14:23","date_gmt":"2012-08-02T09:14:23","guid":{"rendered":"http:\/\/theartic-emden.de\/?page_id=488"},"modified":"2012-08-10T04:47:24","modified_gmt":"2012-08-10T04:47:24","slug":"das-erste-arbeitstreffen-in-bukarest-im-september-2011","status":"publish","type":"page","link":"https:\/\/theartic-emden.de\/?page_id=488","title":{"rendered":"Das erste Arbeitstreffen in Bukarest im September 2011"},"content":{"rendered":"<p>diente dem ersten pers\u00f6nlichen Kennenlernen von Vertretern der einzelnen Organisationen, der weiteren Planung der 3 Workshop- und der 3 Festivaltreffen, dem Austausch \u00fcber Erwartungen an das Projekt und der Definition von Zielen und Ergebnissen.<br \/>\n<div id=\"attachment_547\" style=\"width: 410px\" class=\"wp-caption alignright\"><img aria-describedby=\"caption-attachment-547\" loading=\"lazy\" class=\"size-full wp-image-547\" title=\"Theartic_Bukarest-0127\" src=\"http:\/\/theartic-emden.de\/wp-content\/uploads\/2012\/08\/Theartic_Bukarest-0127.jpg\" alt=\"Eine lange Reise...\" width=\"400\" height=\"300\" \/><p id=\"caption-attachment-547\" class=\"wp-caption-text\">Eine lange Reise...<\/p><\/div>\n<p>F\u00fcr Theartic reisten Ulrike Heymann (Vereinsvorsitzende und k\u00fcnstlerische Leiterin, Leiterin der Theaterensembles, Theartic-Regisseurin und\u00a0 -Autorin) und Claus Gosmann (Co-Leitung\u00a0 Theartic junior) nach Bukarest.<br \/>\nHier stellte sich schnell heraus, dass die Partnerinstitutionen h\u00f6chst unterschiedlich sind, was\u00a0 Struktur, Inhalte und Entwicklungsstand betrifft, alle aber sehr interessiert daran sind, voneinander zu lernen und sich auszutauschen.\u00a0 So\u00a0 war schon diese erste Begegnung informativ und konstruktiv und brachte eine Menge neuer\u00a0 Eindr\u00fccke und Denkanst\u00f6\u00dfe.<\/p>\n<p>Abgesehen\u00a0 davon beeindruckte die unglaubliche Gastfreundschaft der rum\u00e4nischen Partner, die es sich nicht nehmen lie\u00dfen, ihre G\u00e4ste in ein wundersch\u00f6n restauriertes Belle-Epoque-Restaurant in der Bukarester Innenstadt einzuladen. Und nat\u00fcrlich stand trotz des enormen Arbeitspensums ein Ausflug zu \u201eDracula`s Castle\u201c im Karpatenst\u00e4dtchen Bran auf dem Programm \u2013 auch das ein unvergessliches Erlebnis.<\/p>\n<div id=\"attachment_495\" style=\"width: 410px\" class=\"wp-caption alignright\"><img aria-describedby=\"caption-attachment-495\" loading=\"lazy\" class=\"size-full wp-image-495\" title=\"Beim ersten Arbeitstreffen in Bukarest\" src=\"http:\/\/theartic-emden.de\/wp-content\/uploads\/2012\/08\/guia_bukarest.jpg\" alt=\"\" width=\"400\" height=\"300\" \/><p id=\"caption-attachment-495\" class=\"wp-caption-text\">Beim ersten Arbeitstreffen in Bukarest<\/p><\/div>\n<p>Am meisten beeindruckten jedoch die unvorstellbaren Gegens\u00e4tze in diesem Land, die man schon erahnt, wenn man in Wien in den Nachtzug steigt,\u00a0\u00a0 die sich vertiefen w\u00e4hrend der 11 Stunden, die der Zug von der ungarisch-rum\u00e4nischen Grenze bis nach Bukarest braucht, und die sich in Bukarest selbst best\u00e4tigen:\u00a0 faszinierende Landschaften \u00a0und das fast v\u00f6llige\u00a0 Fehlen von Infrastruktur,\u00a0 der \u00a0monstr\u00f6se Ceausescu-Palast und bittere Armut, Jugendstilglanz und verfallende Plattenbauten, fr\u00f6hliche und offene Schulkinder und der\u00a0 Security-Mann mit\u00a0 Uniform und Schlagstock neben der T\u00fcr zum Klassenzimmer \u2026<\/p>\n<p>Auch das ist Europa. Und in jedem Falle eine Reise wert!<\/p>\n<p><em>Ulrike Heymann<\/em><\/p>\n","protected":false},"excerpt":{"rendered":"<p>diente dem ersten pers\u00f6nlichen Kennenlernen von Vertretern der einzelnen Organisationen, der weiteren Planung der 3 Workshop- und der 3 Festivaltreffen, dem Austausch \u00fcber Erwartungen an das Projekt und der Definition von Zielen und Ergebnissen. F\u00fcr Theartic reisten Ulrike Heymann (Vereinsvorsitzende &hellip; <a href=\"https:\/\/theartic-emden.de\/?page_id=488\">Weiterlesen <span class=\"meta-nav\">&rarr;<\/span><\/a><\/p>\n","protected":false},"author":1,"featured_media":0,"parent":472,"menu_order":0,"comment_status":"closed","ping_status":"closed","template":"onecolumn-page.php","meta":{"ngg_post_thumbnail":0},"_links":{"self":[{"href":"https:\/\/theartic-emden.de\/index.php?rest_route=\/wp\/v2\/pages\/488"}],"collection":[{"href":"https:\/\/theartic-emden.de\/index.php?rest_route=\/wp\/v2\/pages"}],"about":[{"href":"https:\/\/theartic-emden.de\/index.php?rest_route=\/wp\/v2\/types\/page"}],"author":[{"embeddable":true,"href":"https:\/\/theartic-emden.de\/index.php?rest_route=\/wp\/v2\/users\/1"}],"replies":[{"embeddable":true,"href":"https:\/\/theartic-emden.de\/index.php?rest_route=%2Fwp%2Fv2%2Fcomments&post=488"}],"version-history":[{"count":9,"href":"https:\/\/theartic-emden.de\/index.php?rest_route=\/wp\/v2\/pages\/488\/revisions"}],"predecessor-version":[{"id":550,"href":"https:\/\/theartic-emden.de\/index.php?rest_route=\/wp\/v2\/pages\/488\/revisions\/550"}],"up":[{"embeddable":true,"href":"https:\/\/theartic-emden.de\/index.php?rest_route=\/wp\/v2\/pages\/472"}],"wp:attachment":[{"href":"https:\/\/theartic-emden.de\/index.php?rest_route=%2Fwp%2Fv2%2Fmedia&parent=488"}],"curies":[{"name":"wp","href":"https:\/\/api.w.org\/{rel}","templated":true}]}}