{"id":8,"date":"2011-06-14T17:11:45","date_gmt":"2011-06-14T17:11:45","guid":{"rendered":"http:\/\/theartic-emden.de\/?page_id=8"},"modified":"2022-02-03T11:49:51","modified_gmt":"2022-02-03T11:49:51","slug":"theartic-junior","status":"publish","type":"page","link":"https:\/\/theartic-emden.de\/?page_id=8","title":{"rendered":"Theartic junior"},"content":{"rendered":"<p><img loading=\"lazy\" class=\"alignright size-full wp-image-398\" title=\"\" src=\"http:\/\/theartic-emden.de\/wp-content\/uploads\/2011\/06\/Theartic_jun_gruppenfoto_web.jpg\" alt=\"\" width=\"500\" height=\"264\" srcset=\"https:\/\/theartic-emden.de\/wp-content\/uploads\/2011\/06\/Theartic_jun_gruppenfoto_web.jpg 500w, https:\/\/theartic-emden.de\/wp-content\/uploads\/2011\/06\/Theartic_jun_gruppenfoto_web-480x253.jpg 480w\" sizes=\"(max-width: 500px) 100vw, 500px\" \/><br \/>\n<img loading=\"lazy\" class=\"alignright size-full wp-image-400\" title=\"\" src=\"http:\/\/theartic-emden.de\/wp-content\/uploads\/2011\/06\/watson-03316_web.jpg\" alt=\"\" width=\"500\" height=\"375\" srcset=\"https:\/\/theartic-emden.de\/wp-content\/uploads\/2011\/06\/watson-03316_web.jpg 500w, https:\/\/theartic-emden.de\/wp-content\/uploads\/2011\/06\/watson-03316_web-480x360.jpg 480w\" sizes=\"(max-width: 500px) 100vw, 500px\" \/>Theartic Junior ist die Theartic-Theaterwerkstatt f\u00fcr Kinder und Jugendliche ab 10 Jahren.<br \/>\nSie pr\u00e4sentierte sich nach verschiedenen halb\u00f6ffentlichen Auff\u00fchrungen erstmals \u00f6ffentlich 2008 mit dem St\u00fcck \u201eTrockenschwimmen oder Schlipse und Zitronenkuchen\u201c im Kulturbunker Barenburg.<\/p>\n<p>Es folgten:<\/p>\n<p>2010 \u201eTraumgeschichten in Schachteln\u201c, Kulturbunker<\/p>\n<p>2011 \u201egestrandet\u201d, Kulturbunker<\/p>\n<p>2013 \u201everirrt, verwirrt\u201c, Kulturbunker<\/p>\n<p>2015 und 2016 \u201eDas WAS-AUCH-IMMER\u201d, Kulturbunker bzw. Neues Theater<\/p>\n<p>2016 \u201eKommst du heut&#8216; nicht, kommst du morgen&#8220;, Neues Theater<\/p>\n<p>2018 \u201eGer\u00fcchte&#8220;, Neues Theater<\/p>\n<p>2021 \u201eOhne mein Handy???&#8220;, Nordseehalle Emden<br \/>\n(bedingt durch die Pandemie nur f\u00fcr geladene G\u00e4ste)<\/p>\n<p>Die Gruppe wird geleitet von Ulrike Heymann und Claus Gosmann.<\/p>\n<div style=\"font-size: x-small;\">(Fotos aus &#8222;Gestrandet&#8220;)<\/div>\n","protected":false},"excerpt":{"rendered":"<p>Theartic Junior ist die Theartic-Theaterwerkstatt f\u00fcr Kinder und Jugendliche ab 10 Jahren. Sie pr\u00e4sentierte sich nach verschiedenen halb\u00f6ffentlichen Auff\u00fchrungen erstmals \u00f6ffentlich 2008 mit dem St\u00fcck \u201eTrockenschwimmen oder Schlipse und Zitronenkuchen\u201c im Kulturbunker Barenburg. Es folgten: 2010 \u201eTraumgeschichten in Schachteln\u201c, Kulturbunker &hellip; <a href=\"https:\/\/theartic-emden.de\/?page_id=8\">Weiterlesen <span class=\"meta-nav\">&rarr;<\/span><\/a><\/p>\n","protected":false},"author":1,"featured_media":0,"parent":2,"menu_order":0,"comment_status":"closed","ping_status":"closed","template":"onecolumn-page.php","meta":{"ngg_post_thumbnail":0},"_links":{"self":[{"href":"https:\/\/theartic-emden.de\/index.php?rest_route=\/wp\/v2\/pages\/8"}],"collection":[{"href":"https:\/\/theartic-emden.de\/index.php?rest_route=\/wp\/v2\/pages"}],"about":[{"href":"https:\/\/theartic-emden.de\/index.php?rest_route=\/wp\/v2\/types\/page"}],"author":[{"embeddable":true,"href":"https:\/\/theartic-emden.de\/index.php?rest_route=\/wp\/v2\/users\/1"}],"replies":[{"embeddable":true,"href":"https:\/\/theartic-emden.de\/index.php?rest_route=%2Fwp%2Fv2%2Fcomments&post=8"}],"version-history":[{"count":33,"href":"https:\/\/theartic-emden.de\/index.php?rest_route=\/wp\/v2\/pages\/8\/revisions"}],"predecessor-version":[{"id":3603,"href":"https:\/\/theartic-emden.de\/index.php?rest_route=\/wp\/v2\/pages\/8\/revisions\/3603"}],"up":[{"embeddable":true,"href":"https:\/\/theartic-emden.de\/index.php?rest_route=\/wp\/v2\/pages\/2"}],"wp:attachment":[{"href":"https:\/\/theartic-emden.de\/index.php?rest_route=%2Fwp%2Fv2%2Fmedia&parent=8"}],"curies":[{"name":"wp","href":"https:\/\/api.w.org\/{rel}","templated":true}]}}